{"id":1029,"date":"2021-01-18T16:17:30","date_gmt":"2021-01-18T15:17:30","guid":{"rendered":"http:\/\/cedriccaron.com\/?page_id=1029"},"modified":"2021-12-01T10:25:48","modified_gmt":"2021-12-01T09:25:48","slug":"home-1perso","status":"publish","type":"page","link":"https:\/\/caron-design.com\/","title":{"rendered":"Home 1Perso"},"content":{"rendered":"<p>[vc_row][vc_column]\n\t\t\t<!-- START homeslider 11 REVOLUTION SLIDER 6.3.5 --><p class=\"rs-p-wp-fix\"><\/p>\n\t\t\t<rs-module-wrap id=\"rev_slider_2_1_wrapper\" data-source=\"gallery\" style=\"background:transparent;padding:0;margin:0px auto;margin-top:0;margin-bottom:0;\">\n\t\t\t\t<rs-module id=\"rev_slider_2_1\" style=\"\" data-version=\"6.3.5\">\n\t\t\t\t\t<rs-slides>\n\t\t\t\t\t\t<rs-slide data-key=\"rs-13\" data-title=\"Slide\" data-anim=\"ei:d;eo:d;s:1000;r:0;t:fade;sl:0;\">\n\t\t\t\t\t\t\t<img src=\"\/\/caron-design.com\/wp-content\/plugins\/revolution_slider\/public\/assets\/assets\/transparent.png\" alt=\"Slide\" title=\"Home 1Perso\" class=\"rev-slidebg\" data-no-retina>\n<!--\n\t\t\t\t\t\t\t--><a\n\t\t\t\t\t\t\t\tid=\"slider-2-slide-13-layer-0\" \n\t\t\t\t\t\t\t\tclass=\"rs-layer\"\n\t\t\t\t\t\t\t\thref=\"https:\/\/www.instagram.com\/caron.design\" target=\"_self\"\n\t\t\t\t\t\t\t\tdata-type=\"button\"\n\t\t\t\t\t\t\t\tdata-color=\"#ffffff\"\n\t\t\t\t\t\t\t\tdata-rsp_ch=\"on\"\n\t\t\t\t\t\t\t\tdata-xy=\"x:2px;y:515px;\"\n\t\t\t\t\t\t\t\tdata-text=\"w:normal;l:37;a:center;\"\n\t\t\t\t\t\t\t\tdata-dim=\"w:37px;h:37px;minw:37px;minh:37px;\"\n\t\t\t\t\t\t\t\tdata-border=\"bor:50%,50%,50%,50%;\"\n\t\t\t\t\t\t\t\tdata-frame_999=\"o:0;st:w;\"\n\t\t\t\t\t\t\t\tstyle=\"z-index:12;background-color:rgba(253,29,29,0.89);font-family:Roboto;text-transform:uppercase;\"\n\t\t\t\t\t\t\t><i class=\"fa-instagram\"><\/i> \n\t\t\t\t\t\t\t<\/a><!--\n\n\t\t\t\t\t\t\t--><a\n\t\t\t\t\t\t\t\tid=\"slider-2-slide-13-layer-1\" \n\t\t\t\t\t\t\t\tclass=\"rs-layer\"\n\t\t\t\t\t\t\t\thref=\"https:\/\/www.facebook.com\/cedric.caron.9081\/\" target=\"_self\"\n\t\t\t\t\t\t\t\tdata-type=\"button\"\n\t\t\t\t\t\t\t\tdata-color=\"#ffffff\"\n\t\t\t\t\t\t\t\tdata-rsp_ch=\"on\"\n\t\t\t\t\t\t\t\tdata-xy=\"x:2px;y:561px;\"\n\t\t\t\t\t\t\t\tdata-text=\"w:normal;l:37;a:center;\"\n\t\t\t\t\t\t\t\tdata-dim=\"w:37px;h:37px;minw:37px;minh:37px;\"\n\t\t\t\t\t\t\t\tdata-border=\"bor:50%,50%,50%,50%;\"\n\t\t\t\t\t\t\t\tdata-frame_999=\"o:0;st:w;\"\n\t\t\t\t\t\t\t\tstyle=\"z-index:13;background-color:#3B5998;font-family:Roboto;text-transform:uppercase;\"\n\t\t\t\t\t\t\t><i class=\"fa-facebook-f\"><\/i> \n\t\t\t\t\t\t\t<\/a><!--\n\n\t\t\t\t\t\t\t--><a\n\t\t\t\t\t\t\t\tid=\"slider-2-slide-13-layer-2\" \n\t\t\t\t\t\t\t\tclass=\"rs-layer\"\n\t\t\t\t\t\t\t\thref=\"linkedin.com\/company\/carondesign\" target=\"_self\"\n\t\t\t\t\t\t\t\tdata-type=\"button\"\n\t\t\t\t\t\t\t\tdata-color=\"#ffffff\"\n\t\t\t\t\t\t\t\tdata-rsp_ch=\"on\"\n\t\t\t\t\t\t\t\tdata-xy=\"x:2px;y:606px;\"\n\t\t\t\t\t\t\t\tdata-text=\"w:normal;l:37;a:center;\"\n\t\t\t\t\t\t\t\tdata-dim=\"w:37px;h:37px;minw:37px;minh:37px;\"\n\t\t\t\t\t\t\t\tdata-border=\"bor:50%,50%,50%,50%;\"\n\t\t\t\t\t\t\t\tdata-frame_999=\"o:0;st:w;\"\n\t\t\t\t\t\t\t\tstyle=\"z-index:14;background-color:#2162b4;font-family:Roboto;text-transform:uppercase;\"\n\t\t\t\t\t\t\t><i class=\"fa-linkedin\"><\/i> \n\t\t\t\t\t\t\t<\/a><!--\n\n\t\t\t\t\t\t\t--><a\n\t\t\t\t\t\t\t\tid=\"slider-2-slide-13-layer-13\" \n\t\t\t\t\t\t\t\tclass=\"rs-layer rev-btn\"\n\t\t\t\t\t\t\t\thref=\"http:\/\/cedriccaron.com\/index.php\/works\/\" target=\"_self\"\n\t\t\t\t\t\t\t\tdata-type=\"button\"\n\t\t\t\t\t\t\t\tdata-color=\"#ffffff\"\n\t\t\t\t\t\t\t\tdata-rsp_ch=\"on\"\n\t\t\t\t\t\t\t\tdata-xy=\"x:240px;y:431px;\"\n\t\t\t\t\t\t\t\tdata-text=\"w:normal;s:17;l:40;fw:500;a:center;\"\n\t\t\t\t\t\t\t\tdata-dim=\"minh:0px;\"\n\t\t\t\t\t\t\t\tdata-padding=\"r:25;l:25;\"\n\t\t\t\t\t\t\t\tdata-border=\"bos:solid;boc:rgba(255,255,255,0.35);bow:1px,1px,1px,1px;\"\n\t\t\t\t\t\t\t\tdata-frame_999=\"o:0;st:w;\"\n\t\t\t\t\t\t\t\tdata-frame_hover=\"bgc:#f1b809;boc:rgba(241,184,9,0.75);bor:0px,0px,0px,0px;bos:solid;bow:1px,1px,1px,1px;e:power1.inOut;bri:120%;\"\n\t\t\t\t\t\t\t\tstyle=\"z-index:11;background-color:#f1b809;font-family:Roboto;\"\n\t\t\t\t\t\t\t>MES CREATIONS \n\t\t\t\t\t\t\t<\/a><!--\n\n\t\t\t\t\t\t\t--><rs-layer\n\t\t\t\t\t\t\t\tid=\"slider-2-slide-13-layer-14\" \n\t\t\t\t\t\t\t\tdata-type=\"shape\"\n\t\t\t\t\t\t\t\tdata-rsp_ch=\"on\"\n\t\t\t\t\t\t\t\tdata-text=\"w:normal;\"\n\t\t\t\t\t\t\t\tdata-dim=\"w:100%;h:100%;\"\n\t\t\t\t\t\t\t\tdata-basealign=\"slide\"\n\t\t\t\t\t\t\t\tdata-frame_999=\"o:0;st:w;\"\n\t\t\t\t\t\t\t\tstyle=\"z-index:8;background-color:#ffffff;\"\n\t\t\t\t\t\t\t> \n\t\t\t\t\t\t\t<\/rs-layer><!--\n\n\t\t\t\t\t\t\t--><rs-layer\n\t\t\t\t\t\t\t\tid=\"slider-2-slide-13-layer-16\" \n\t\t\t\t\t\t\t\tdata-type=\"shape\"\n\t\t\t\t\t\t\t\tdata-rsp_ch=\"on\"\n\t\t\t\t\t\t\t\tdata-xy=\"x:r;\"\n\t\t\t\t\t\t\t\tdata-text=\"w:normal;\"\n\t\t\t\t\t\t\t\tdata-dim=\"w:100%;h:90px;\"\n\t\t\t\t\t\t\t\tdata-vbility=\"f,f,f,f\"\n\t\t\t\t\t\t\t\tdata-basealign=\"slide\"\n\t\t\t\t\t\t\t\tdata-frame_999=\"o:0;st:w;\"\n\t\t\t\t\t\t\t\tstyle=\"z-index:10;background-color:rgba(175,175,175,0.5);\"\n\t\t\t\t\t\t\t> \n\t\t\t\t\t\t\t<\/rs-layer><!--\n\n\t\t\t\t\t\t\t--><rs-layer\n\t\t\t\t\t\t\t\tid=\"slider-2-slide-13-layer-18\" \n\t\t\t\t\t\t\t\tdata-type=\"image\"\n\t\t\t\t\t\t\t\tdata-rsp_ch=\"on\"\n\t\t\t\t\t\t\t\tdata-xy=\"x:-1px;y:-1px;\"\n\t\t\t\t\t\t\t\tdata-text=\"w:normal;\"\n\t\t\t\t\t\t\t\tdata-dim=\"w:1240px;h:868px;\"\n\t\t\t\t\t\t\t\tdata-frame_999=\"o:0;st:w;\"\n\t\t\t\t\t\t\t\tstyle=\"z-index:9;\"\n\t\t\t\t\t\t\t><img src=\"\/\/cedriccaron.com\/wp-content\/uploads\/2021\/01\/Page-de-garde02.jpg\" width=\"1240\" height=\"868\" data-no-retina> \n\t\t\t\t\t\t\t<\/rs-layer><!--\n-->\t\t\t\t\t\t<\/rs-slide>\n\t\t\t\t\t<\/rs-slides>\n\t\t\t\t<\/rs-module>\n\t\t\t\t<script type=\"text\/javascript\">\n\t\t\t\t\tsetREVStartSize({c: 'rev_slider_2_1',rl:[1240,1024,778,480],el:[867.986],gw:[1240],gh:[868],type:'standard',justify:'',layout:'fullwidth',mh:\"0\"});\n\t\t\t\t\tvar\trevapi2,\n\t\t\t\t\t\ttpj;\n\t\t\t\t\tfunction revinit_revslider21() {\n\t\t\t\t\tjQuery(function() {\n\t\t\t\t\t\ttpj = jQuery;\n\t\t\t\t\t\trevapi2 = tpj(\"#rev_slider_2_1\");\n\t\t\t\t\t\tif(revapi2==undefined || revapi2.revolution == undefined){\n\t\t\t\t\t\t\trevslider_showDoubleJqueryError(\"rev_slider_2_1\");\n\t\t\t\t\t\t}else{\n\t\t\t\t\t\t\trevapi2.revolution({\n\t\t\t\t\t\t\t\tsliderLayout:\"fullwidth\",\n\t\t\t\t\t\t\t\tdottedOverlay:\"threexthree\",\n\t\t\t\t\t\t\t\tvisibilityLevels:\"1240,1024,778,480\",\n\t\t\t\t\t\t\t\tgridwidth:1240,\n\t\t\t\t\t\t\t\tgridheight:868,\n\t\t\t\t\t\t\t\tspinner:\"spinner0\",\n\t\t\t\t\t\t\t\tperspective:600,\n\t\t\t\t\t\t\t\tperspectiveType:\"local\",\n\t\t\t\t\t\t\t\teditorheight:\"867.986,768,545,720\",\n\t\t\t\t\t\t\t\tresponsiveLevels:\"1240,1024,778,480\",\n\t\t\t\t\t\t\t\tprogressBar:{disableProgressBar:true},\n\t\t\t\t\t\t\t\tnavigation: {\n\t\t\t\t\t\t\t\t\tonHoverStop:false\n\t\t\t\t\t\t\t\t},\n\t\t\t\t\t\t\t\tfallbacks: {\n\t\t\t\t\t\t\t\t\tallowHTML5AutoPlayOnAndroid:true\n\t\t\t\t\t\t\t\t},\n\t\t\t\t\t\t\t});\n\t\t\t\t\t\t}\n\t\t\t\t\t\t\n\t\t\t\t\t});\n\t\t\t\t\t} \/\/ End of RevInitScript\n\t\t\t\tvar once_revslider21 = false;\n\t\t\t\tif (document.readyState === \"loading\") {document.addEventListener('readystatechange',function() { if((document.readyState === \"interactive\" || document.readyState === \"complete\") && !once_revslider21 ) { once_revslider21 = true; revinit_revslider21();}});} else {once_revslider21 = true; revinit_revslider21();}\n\t\t\t\t<\/script>\n\t\t\t<\/rs-module-wrap>\n\t\t\t<!-- END REVOLUTION SLIDER -->\n[\/vc_column][\/vc_row][vc_row][vc_column]<!-- About us --><section id=\"about\" class=\"about\"><div class=\"container\"><div class=\"row\"><div class=\"col-md-7 first_big_section\"><img src=\"https:\/\/caron-design.com\/wp-content\/uploads\/2021\/01\/Page-de-garde-presentation.jpg\" alt=\"about\"><\/div><div class=\"col-md-5 second_big_section\"><h2 >A propos<\/h2><p >\u275dJ\u2019aime porter un projet de l\u2019id\u00e9e \u00e0 la production, du concept produit<br \/>\nau prototypage.<\/p>\n<p>J\u2019ai une bonne connaissance des processus industriels li\u00e9s \u00e0 la conception, au d\u00e9veloppement et \u00e0 la r\u00e9alisation d\u2019un produit.\u275e<\/p><a href=\"http:\/\/cedriccaron.com\/index.php\/about\/\" class=\"btn_foevis btn_foevis_default\">Encore plus<\/a><\/div><\/div><\/div><!-- Progress steps --><section id=\"progress_steps\" class=\"progress_steps\"><div class=\"container\"><div class=\"row\"><div class=\"col-md-3 step\"><h4>idea<\/h4><p>Vous avez une id\u00e9e<\/p><p class=\"number\">01<\/p><\/div><div class=\"col-md-3 step\"><h4>concept<\/h4><p>Nous cr\u00e9ons un concept<\/p><p class=\"number\">02<\/p><\/div><div class=\"col-md-3 step\"><h4>3D<\/h4><p>Nous travaillons \u00e0 un produit<\/p><p class=\"number\">03<\/p><\/div><div class=\"col-md-3 step\"><h4>Prototype<\/h4><p>Nous r\u00e9alisons VOTRE produit<\/p><p class=\"number\">04<\/p><\/div><\/div><\/div><\/section><\/section>[\/vc_column][\/vc_row][vc_row][vc_column]<!-- Projects --><section id=\"projects\" class=\"projects vc_custom_1611149035340\"><div class=\"container\"><div class=\"row\"><div class=\"col-md-5\"><h2 >Une d\u00e9marche cr\u00e9ative<\/h2><p >Je m'appuie sur le cahier des charges conceptuel et fonctionnel, complet et pr\u00e9cis de mes clients, pour leur proposer des r\u00e9alisations uniques et sur-mesure s'accordant parfaitement \u00e0 leur image de marque.<\/p><a href=\"http:\/\/cedriccaron.com\/index.php\/services\/\" class=\"btn_foevis btn_foevis_stroke\">Encore plus<\/a><\/div><\/div><\/div><\/section>[\/vc_column][\/vc_row][vc_row][vc_column]<!-- Services --><section id=\"services\" class=\"services\"><div class=\"container\"><div class=\"row row_services\"><div class=\"col-md-4 service\"><div class=\"icon\" ><i  class=\"icon-star\"><\/i><\/div><div class=\"text\"><h5 >Premier contact<\/h5><p >Echange sur vos objectifs, besoins et contraintes<\/p><\/div><\/div><div class=\"col-md-4 service\"><div class=\"icon\" ><i  class=\"icon-paper-clip\"><\/i><\/div><div class=\"text\"><h5 >Recherche & cr\u00e9ation<\/h5><p >Recherche de solutions innovantes et adapt\u00e9es \u00e0 votre projet<\/p><\/div><\/div><div class=\"col-md-4 service\"><div class=\"icon\" ><i  class=\"icon-paper-plane\"><\/i><\/div><div class=\"text\"><h5 >Ajustement & validation<\/h5><p >Etude et validation esth\u00e9tique de la proposition retenue<\/p><\/div><\/div><div class=\"col-md-4 service\"><div class=\"icon\" ><i  class=\"icon-rocket\"><\/i><\/div><div class=\"text\"><h5 >Mod\u00e9lisation 3D<\/h5><p >Cr\u00e9ation d'un produit en 3D, concr\u00e9tisation de votre projet<\/p><\/div><\/div><div class=\"col-md-4 service\"><div class=\"icon\" ><i  class=\"icon-layers\"><\/i><\/div><div class=\"text\"><h5 >Ajustement & validation<\/h5><p >Etude et validation technique de votre produit<\/p><\/div><\/div><div class=\"col-md-4 service\"><div class=\"icon\" ><i  class=\"icon-screen-tablet\"><\/i><\/div><div class=\"text\"><h5 >Rendus 3D<\/h5><p >Repr\u00e9sentation de votre produit en image de synth\u00e8se (couleur, texture, mat\u00e9riaux)<\/p><\/div><\/div><div class=\"col-md-4 service\"><div class=\"icon\" ><i  class=\"icon-diamond\"><\/i><\/div><div class=\"text\"><h5 >Animation 3D<\/h5><p >Animation studio de votre produit (360\u00b0, \u00e9clat\u00e9 de pi\u00e8ces, montage & d\u00e9montage, gamme produit)<\/p><\/div><\/div><div class=\"col-md-4 service\"><div class=\"icon\" ><i  class=\"icon-equalizer\"><\/i><\/div><div class=\"text\"><h5 >Prototypage<\/h5><p >R\u00e9alisation de votre produit en impression 3D (pla, pet-G, caoutchouc, bois)<\/p><\/div><\/div><div class=\"col-md-4 service\"><div class=\"icon\" ><i  class=\"icon-vector\"><\/i><\/div><div class=\"text\"><h5 >Export<\/h5><p >Mise en plan design, dxf, dwg pour la fabrication<\/p><\/div><\/div><\/div><\/div><\/section>[\/vc_column][\/vc_row][vc_row][vc_column css=&#8221;.vc_custom_1611151142601{background-image: url(http:\/\/cedriccaron.com\/wp-content\/uploads\/2021\/01\/PageDeGarde_SectionMobile.jpg?id=1099) !important;}&#8221;]<!-- Mobile section --><section id=\"mobile\" class=\"mobile\"><div class=\"half_light_grey_bg\"><\/div><div class=\"half_primary_color_bg\"><\/div><div class=\"container mobile_container\"><div class=\"row\"><div class=\"col-md-5 first_big_section\"><img id=\"mobile_img\" src=\"https:\/\/caron-design.com\/wp-content\/uploads\/2021\/01\/Page-de-garde_SectionMobile.jpg\" alt=\"mobile\"><\/div><div class=\"col-md-5 col-md-offset-2 second_big_section\"><h2>Des concepts innovants<\/h2><p>J'aime relever les challenges et porter une vraie r\u00e9fl\u00e9xion sur un produit. Designer passionn\u00e9 et innovateur, chacune de mes exp\u00e9riences nourrit mon inspiration au service de vos projets \u00e0 concr\u00e9tiser.<\/p><a href=\"http:\/\/cedriccaron.com\/index.php\/works\/\" class=\"btn_foevis btn_foevis_stroke_white\">Encore plus<\/a><\/div><\/div><\/div><\/section>[vc_separator border_width=&#8221;5&#8243;][\/vc_column][\/vc_row][vc_row][vc_column]<!-- Projects --><section id=\"projects\" class=\"projects vc_custom_1618225179070\"><div class=\"container\"><div class=\"row\"><div class=\"col-md-5\"><h2 >Sur quoi travaille le studio ?<\/h2><p >``15 Days CHALLENGE&#x1f3c6;``<br \/>\nVenez d\u00e9couvrir le dernier d\u00e9fi du studio !&#x1f5fb;<\/p><a href=\"http:\/\/caron-design.com\/index.php\/2021\/04\/12\/challenge-sport-outdoor\/\" class=\"btn_foevis btn_foevis_stroke\">Encore plus<\/a><\/div><\/div><\/div><\/section>[vc_separator border_width=&#8221;5&#8243;]<!-- Portfolio --><section  id=\"portfolio\" class=\"portfolio\"><div class=\"container\"><div class=\"row\"><div class=\"col-md-5 first_big_section\"><h2>Derni\u00e8res cr\u00e9ations<\/h2><div class=\"cycle-slideshow\"\n\t\t\t\t\t\tdata-cycle-fx=\"fade\"\n\t\t\t\t\t    data-cycle-timeout=\"0\"\n\t\t\t\t\t    data-cycle-slides=\"> div\"\n\t\t\t\t\t    data-cycle-prev=\".up\"\n\t\t\t\t\t    data-cycle-next=\".down\"\n\t\t\t\t\t    data-cycle-caption=\".portfolio_number\"\n\t\t\t\t\t    data-cycle-caption-template=\"{{cycleTitle}}\"\n\t\t\t\t\t    ><div class=\"portfolio_1\" data-cycle-title=\"1\"><h5>Ampoule d\u00e9tecteur de fum\u00e9e BW1.1<\/h5><p><p>La ConnectLed BW1.1, est une ampoule LED Wifi, premi\u00e8re en son genre, qui cumule 2 fonctions principales : \u00e9clairer et d\u00e9tecter la fum\u00e9e.<br>En \u00e9dition deluxe, une \u00e9paisse bande de chrome habille l'ampoule.<\/p>\n<p>Le prototype a \u00e9t\u00e9 r\u00e9ali<\/p><a href=\"https:\/\/caron-design.com\/index.php\/portfolio\/ampoule-detecteur-de-fumee-bw1-1\/\" class=\"btn_foevis btn_foevis_default\">Encore plus<\/a><\/div><div class=\"portfolio_2\" data-cycle-title=\"2\"><h5>Arbor-essence<\/h5><p><p>Le d\u00e9fi \u00e9tait de reproduire \u00e0 l\u2019identique le relief de l\u2019\u00e9corce d'un ch\u00eane centenaire issu des for\u00eats du Perche. Cr\u00e9er le fichier num\u00e9rique issu de cette op\u00e9ration et l'adapt\u00e9 sur une \u00ab machine \u00e0 sculpter 5 axes.<br>\nUn grand proje<\/p><a href=\"https:\/\/caron-design.com\/index.php\/portfolio\/arbor-essence\/\" class=\"btn_foevis btn_foevis_default\">Encore plus<\/a><\/div><div class=\"portfolio_3\" data-cycle-title=\"3\"><h5>Borne parapluie<\/h5><p><p>La borne parapluie est une borne tactile abritant 4 Ipads. Cette borne a \u00e9t\u00e9 con\u00e7u pour une utilisation en centre commerciaux pour la r\u00e9gion Lorraine.<\/p>\n<p>Chaque caisson permet d'abriter diff\u00e9rentes tailles d'\u00e9cran et de tablettes tactile<\/p><a href=\"https:\/\/caron-design.com\/index.php\/portfolio\/borne-tactile-parapluie\/\" class=\"btn_foevis btn_foevis_default\">Encore plus<\/a><\/div><\/div><\/div><div class=\"col-md-6 second_big_section\"><div class=\"cycle-slideshow\"\n\t\t\t\t\t\tdata-cycle-fx=\"scrollVert\"\n\t\t\t\t\t    data-cycle-timeout=\"0\"\n\t\t\t\t\t    data-cycle-prev=\".up\"\n\t\t\t\t\t    data-cycle-next=\".down\"\n\t\t\t\t\t    ><img width=\"960\" height=\"762\" src=\"https:\/\/caron-design.com\/wp-content\/uploads\/2016\/12\/AMPOULE-WIFI-ETIQUETTE-1024x813.jpg\" class=\"attachment-large size-large wp-post-image\" alt=\"Agence DE LUSSAC\" loading=\"lazy\" srcset=\"https:\/\/caron-design.com\/wp-content\/uploads\/2016\/12\/AMPOULE-WIFI-ETIQUETTE-1024x813.jpg 1024w, https:\/\/caron-design.com\/wp-content\/uploads\/2016\/12\/AMPOULE-WIFI-ETIQUETTE-e1610635500265-600x476.jpg 600w, https:\/\/caron-design.com\/wp-content\/uploads\/2016\/12\/AMPOULE-WIFI-ETIQUETTE-300x238.jpg 300w, https:\/\/caron-design.com\/wp-content\/uploads\/2016\/12\/AMPOULE-WIFI-ETIQUETTE-768x610.jpg 768w, https:\/\/caron-design.com\/wp-content\/uploads\/2016\/12\/AMPOULE-WIFI-ETIQUETTE-e1610635500265.jpg 1000w\" sizes=\"(max-width: 960px) 100vw, 960px\" \/><img width=\"960\" height=\"692\" src=\"https:\/\/caron-design.com\/wp-content\/uploads\/2020\/12\/interface-utilisateur-smartphone-cedriccaron-bellwyson-thomas-de-lussac-ampoule-detecteur-de-fumee-paris-02-scaled-e1612170973422.jpg\" class=\"attachment-large size-large wp-post-image\" alt=\"\" loading=\"lazy\" \/><img width=\"680\" height=\"1024\" src=\"https:\/\/caron-design.com\/wp-content\/uploads\/2017\/01\/borne-seule-e1610642040291.png\" class=\"attachment-large size-large wp-post-image\" alt=\"Borne parapluie\" loading=\"lazy\" srcset=\"https:\/\/caron-design.com\/wp-content\/uploads\/2017\/01\/borne-seule-e1610642040291.png 1000w, https:\/\/caron-design.com\/wp-content\/uploads\/2017\/01\/borne-seule-e1610642040291-600x904.png 600w\" sizes=\"(max-width: 680px) 100vw, 680px\" \/><\/div><\/div><div class=\"col-md-1 third_big_section arrows_controls\"><a href=\"#\" class=\"up\"><i class=\"fa fa-long-arrow-up\"><\/i><\/a><div class=\"portfolio_number\"><\/div><a href=\"#\" class=\"down\"><i class=\"fa fa-long-arrow-down\"><\/i><\/a><\/div><\/div><\/div><\/section>[\/vc_column][\/vc_row][vc_row][vc_column]<!-- Contat form & info --><section id=\"contact\" class=\"contact\"><div class=\"container\"><div class=\"row\"><div class=\"col-md-8\"><h5>Contacter le studio<\/h5><div role=\"form\" class=\"wpcf7\" id=\"wpcf7-f385-o1\" lang=\"en\" dir=\"ltr\">\n<div class=\"screen-reader-response\"><p role=\"status\" aria-live=\"polite\" aria-atomic=\"true\"><\/p> <ul><\/ul><\/div>\n<form action=\"\/index.php\/wp-json\/wp\/v2\/pages\/1029#wpcf7-f385-o1\" method=\"post\" class=\"wpcf7-form init\" novalidate=\"novalidate\" data-status=\"init\">\n<div style=\"display: none;\">\n<input type=\"hidden\" name=\"_wpcf7\" value=\"385\" \/>\n<input type=\"hidden\" name=\"_wpcf7_version\" value=\"5.5.3\" \/>\n<input type=\"hidden\" name=\"_wpcf7_locale\" value=\"en\" \/>\n<input type=\"hidden\" name=\"_wpcf7_unit_tag\" value=\"wpcf7-f385-o1\" \/>\n<input type=\"hidden\" name=\"_wpcf7_container_post\" value=\"0\" \/>\n<input type=\"hidden\" name=\"_wpcf7_posted_data_hash\" value=\"\" \/>\n<\/div>\n<div action=\"#\" method=\"post\" class=\"contact_form\">\n<div class=\"row\">\n<div class=\"col-md-6\">\n\t\t<span class=\"wpcf7-form-control-wrap text-451\"><input type=\"text\" name=\"text-451\" value=\"Nom\" size=\"40\" class=\"wpcf7-form-control wpcf7-text wpcf7-validates-as-required\" aria-required=\"true\" aria-invalid=\"false\" \/><\/span>\n\t<\/div>\n<div class=\"col-md-6\">\n\t\t<span class=\"wpcf7-form-control-wrap email-563\"><input type=\"email\" name=\"email-563\" value=\"\" size=\"40\" class=\"wpcf7-form-control wpcf7-text wpcf7-email wpcf7-validates-as-required wpcf7-validates-as-email\" aria-required=\"true\" aria-invalid=\"false\" placeholder=\"Adresse mail\" \/><\/span>\n\t<\/div>\n<div class=\"col-md-12\">\n\t\t<span class=\"wpcf7-form-control-wrap textarea-652\"><textarea name=\"textarea-652\" cols=\"40\" rows=\"10\" class=\"wpcf7-form-control wpcf7-textarea wpcf7-validates-as-required\" aria-required=\"true\" aria-invalid=\"false\" placeholder=\"Message ...\"><\/textarea><\/span>\n\t<\/div>\n<\/div>\n<p><input type=\"submit\" value=\"ENVOYER\" class=\"wpcf7-form-control has-spinner wpcf7-submit btn_foevis btn_foevis_default\" \/>\n<\/p><\/div>\n<p style=\"display: none !important;\"><label>&#916;<textarea name=\"_wpcf7_ak_hp_textarea\" cols=\"45\" rows=\"8\" maxlength=\"100\"><\/textarea><\/label><input type=\"hidden\" id=\"ak_js\" name=\"_wpcf7_ak_js\" value=\"84\"\/><script>document.getElementById( \"ak_js\" ).setAttribute( \"value\", ( new Date() ).getTime() );<\/script><\/p><div class=\"wpcf7-response-output\" aria-hidden=\"true\"><\/div><\/form><\/div><\/div><div class=\"col-md-4\"><div class=\"contact_info\"><h5>contact info<\/h5><ul><li><i class=\"fa fa-map-marker\"><\/i><p>Lyon, France<\/p><\/li><li><i class=\"fa fa-phone\"><\/i><p>+33(6) 10312762<\/p><\/li><li><i class=\"fa fa-envelope\"><\/i><p>gcedriccaron@gmail.com<\/p><\/li><\/ul><\/div><div class=\"social_media\"><h5><\/h5><ul class=\"social_icons\"><li><a href=\"https:\/\/www.instagram.com\/caron.design\"><i class=\"fa fa-instagram\"><\/i><\/a><\/li><\/ul><\/div><\/div><\/div><\/div><\/section>[\/vc_column][\/vc_row][vc_row][vc_column][\/vc_column][\/vc_row][vc_row][vc_column][\/vc_column][\/vc_row]<\/p>\n","protected":false},"excerpt":{"rendered":"<p>[vc_row][vc_column][\/vc_column][\/vc_row][vc_row][vc_column][\/vc_column][\/vc_row][vc_row][vc_column][\/vc_column][\/vc_row][vc_row][vc_column][\/vc_column][\/vc_row][vc_row][vc_column css=&#8221;.vc_custom_1611151142601{background-image: url(http:\/\/cedriccaron.com\/wp-content\/uploads\/2021\/01\/PageDeGarde_SectionMobile.jpg?id=1099) !important;}&#8221;][vc_separator border_width=&#8221;5&#8243;][\/vc_column][\/vc_row][vc_row][vc_column][vc_separator border_width=&#8221;5&#8243;][\/vc_column][\/vc_row][vc_row][vc_column][\/vc_column][\/vc_row][vc_row][vc_column][\/vc_column][\/vc_row][vc_row][vc_column][\/vc_column][\/vc_row]<\/p>\n","protected":false},"author":1,"featured_media":0,"parent":0,"menu_order":0,"comment_status":"open","ping_status":"closed","template":"one-page-template.php","meta":[],"_links":{"self":[{"href":"https:\/\/caron-design.com\/index.php\/wp-json\/wp\/v2\/pages\/1029"}],"collection":[{"href":"https:\/\/caron-design.com\/index.php\/wp-json\/wp\/v2\/pages"}],"about":[{"href":"https:\/\/caron-design.com\/index.php\/wp-json\/wp\/v2\/types\/page"}],"author":[{"embeddable":true,"href":"https:\/\/caron-design.com\/index.php\/wp-json\/wp\/v2\/users\/1"}],"replies":[{"embeddable":true,"href":"https:\/\/caron-design.com\/index.php\/wp-json\/wp\/v2\/comments?post=1029"}],"version-history":[{"count":56,"href":"https:\/\/caron-design.com\/index.php\/wp-json\/wp\/v2\/pages\/1029\/revisions"}],"predecessor-version":[{"id":5672,"href":"https:\/\/caron-design.com\/index.php\/wp-json\/wp\/v2\/pages\/1029\/revisions\/5672"}],"wp:attachment":[{"href":"https:\/\/caron-design.com\/index.php\/wp-json\/wp\/v2\/media?parent=1029"}],"curies":[{"name":"wp","href":"https:\/\/api.w.org\/{rel}","templated":true}]}}