{"id":697,"date":"2016-12-09T23:17:00","date_gmt":"2016-12-09T23:17:00","guid":{"rendered":"https:\/\/ninetheme.com\/themes\/foevis\/?page_id=108"},"modified":"2021-01-21T14:13:18","modified_gmt":"2021-01-21T13:13:18","slug":"about","status":"publish","type":"page","link":"https:\/\/caron-design.com\/index.php\/about\/","title":{"rendered":"Pr\u00e9sentation"},"content":{"rendered":"<style type=\"text\/css\"><\/style>\n<section class=\"kc-elm kc-css-150120 kc_row\">\n<div class=\"kc-row-container kc-container\">\n<div class=\"kc-wrap-columns\">\n<div class=\"kc-elm kc-css-900202 kc_column kc_col-sm-12\">\n<div class=\"kc-col-container\">\n<p><!-- About company --><\/p>\n<section id=\"about\" class=\"about_company\">\n<div class=\"container\">\n<div class=\"row\">\n<div class=\"col-md-6 first_big_section\">\n<h2>A propos &#8230;<\/h2>\n<h4><strong><img loading=\"lazy\" class=\"alignleft wp-image-1133\" src=\"http:\/\/cedriccaron.com\/wp-content\/uploads\/2021\/01\/Numerotation_1.jpg\" alt=\"\" width=\"70\" height=\"111\" \/><\/strong> CHEF DE PROJET<\/h4>\n<p>J\u2019aime piloter la r\u00e9alisation de projets en composant avec les<br \/>\ncomp\u00e9tences et les savoir-faire de mon \u00e9quipe et de toutes les<br \/>\nressources \u00e0 disposition.<\/p>\n<h4><strong><img loading=\"lazy\" class=\"alignleft wp-image-1134\" src=\"http:\/\/cedriccaron.com\/wp-content\/uploads\/2021\/01\/Numerotation_2.jpg\" alt=\"\" width=\"70\" height=\"111\" \/><\/strong> DESIGNER PRODUIT<\/h4>\n<p>J\u2019aime porter un projet de l\u2019id\u00e9e \u00e0 la production, du concept produit<br \/>\nau prototypage.<br \/>\nJ\u2019ai une bonne connaissance des processus industriels li\u00e9s \u00e0 la<br \/>\nconception, au d\u00e9veloppement et \u00e0 la r\u00e9alisation d\u2019un produit.<\/p>\n<h4><strong><img loading=\"lazy\" class=\"alignleft wp-image-1135\" src=\"http:\/\/cedriccaron.com\/wp-content\/uploads\/2021\/01\/Numerotation_3.jpg\" alt=\"\" width=\"70\" height=\"111\" \/><\/strong> MICRO-ENTREPRENEUR<\/h4>\n<p>Mes diverses missions m\u2019ont permis de comprendre la<br \/>\nr\u00e9alit\u00e9 d\u2019un march\u00e9 et les \u00e9tapes indispensables au bon<br \/>\nd\u00e9veloppement d\u2019un produit innovant.<\/p>\n<\/div>\n<div class=\"col-md-5 second_big_section\"><\/div>\n<div class=\"col-md-1 third_big_section arrows_controls\">\n<p><i class=\"fa fa-long-arrow-up\"><\/i><img loading=\"lazy\" class=\"aligncenter wp-image-837 size-full\" src=\"http:\/\/cedriccaron.com\/wp-content\/uploads\/2016\/12\/AlmodovarCedricCaron-5-web-scaled-e1610976826955.jpg\" alt=\"\" width=\"400\" height=\"600\" \/><\/p>\n<div class=\"slide_number\"><\/div>\n<\/div>\n<\/div>\n<\/div>\n<\/section>\n<\/div>\n<\/div>\n<\/div>\n<\/div>\n<\/section>\n<section class=\"kc-elm kc-css-458363 kc_row\">\n<div class=\"kc-row-container kc-container\">\n<div class=\"kc-wrap-columns\">\n<div class=\"kc-elm kc-css-171954 kc_column kc_col-sm-12\">\n<div class=\"kc-col-container\">\n<p><!-- Skills & procent bars --><\/p>\n<section id=\"skills\" class=\"skills\">\n<div class=\"container\">\n<div class=\"row\">\n<div class=\"col-md-6 first_big_section\">\n<div class=\"skill skill_1\" data-percent=\"67%\">\n<ul>\n<li>\n<h5>Concepts<\/h5>\n<\/li>\n<li class=\"procent\">\n<h5>33<\/h5>\n<\/li>\n<\/ul>\n<div class=\"bar\">\n<div class=\"fill\"><\/div>\n<div class=\"empty\"><\/div>\n<\/div>\n<div class=\"clearfix\"><\/div>\n<\/div>\n<div class=\"skill skill_1\" data-percent=\"90%\">\n<ul>\n<li>\n<h5>Mod\u00e9lisation 3D<\/h5>\n<\/li>\n<li class=\"procent\">\n<h5>45<\/h5>\n<\/li>\n<\/ul>\n<div class=\"bar\">\n<div class=\"fill\"><\/div>\n<div class=\"empty\"><\/div>\n<\/div>\n<div class=\"clearfix\"><\/div>\n<\/div>\n<div class=\"skill skill_1\" data-percent=\"58%\">\n<ul>\n<li>\n<h5>Rendus &amp; Animations<\/h5>\n<\/li>\n<li class=\"procent\">\n<h5>57<\/h5>\n<\/li>\n<\/ul>\n<div class=\"bar\">\n<div class=\"fill\"><\/div>\n<div class=\"empty\"><\/div>\n<\/div>\n<div class=\"clearfix\"><\/div>\n<\/div>\n<div class=\"skill skill_1\" data-percent=\"74%\">\n<ul>\n<li>\n<h5>Prototypes<\/h5>\n<\/li>\n<li class=\"procent\">\n<h5>28<\/h5>\n<\/li>\n<\/ul>\n<div class=\"bar\">\n<div class=\"fill\"><\/div>\n<div class=\"empty\"><\/div>\n<\/div>\n<div class=\"clearfix\"><\/div>\n<\/div>\n<\/div>\n<div class=\"col-md-6 second_big_section\">\n<h3>Explorer de nouvelles possibilit\u00e9s<\/h3>\n<p>De l&#8217;id\u00e9e au prototype en passant par la mod\u00e9lisation 3D, le rendus photor\u00e9aliste ou encore l&#8217;animation de votre produit !<\/p>\n<p><a class=\"btn_foevis btn_foevis_default\" href=\"http:\/\/cedriccaron.com\/index.php\/works\/\">Read more<\/a><\/p>\n<\/div>\n<\/div>\n<\/div>\n<\/section>\n<\/div>\n<\/div>\n<\/div>\n<\/div>\n<\/section>\n<section class=\"kc-elm kc-css-119955 kc_row\">\n<div class=\"kc-row-container kc-container\">\n<div class=\"kc-wrap-columns\">\n<div class=\"kc-elm kc-css-816071 kc_column kc_col-sm-12\">\n<div class=\"kc-col-container\">\n<p><!-- Team members --><\/p>\n<section id=\"team\" class=\"team\">\n<div class=\"container\">\n<div class=\"row\">\n<div class=\"col-md-12 title\">\n<h2>Citation du jour<\/h2>\n<p>&#8220;Se r\u00e9unir est un d\u00e9but &#8211; rester ensemble est un progr\u00e8s &#8211; travailler ensemble est la r\u00e9ussite&#8221; <em>(Henry Ford)<\/em><\/p>\n<\/div>\n<\/div>\n<div class=\"row\">\n<div class=\" col-md-4 member\"><\/div>\n<\/div>\n<\/div>\n<\/section>\n<\/div>\n<\/div>\n<\/div>\n<\/div>\n<\/section>\n<section class=\"kc-elm kc-css-224135 kc_row\">\n<div class=\"kc-row-container kc-container\">\n<div class=\"kc-wrap-columns\">\n<div class=\"kc-elm kc-css-193679 kc_column kc_col-sm-12\">\n<div class=\"kc-col-container\">\n<section id=\"counter\" class=\"fun_facts\">\n<div class=\"container\">\n<div class=\"row\">\n<div class=\"col-sm-3 col-xs-6 fact\">\n<p class=\"number\">65<\/p>\n<p class=\"text\">Feutres Promarker<\/p>\n<\/div>\n<div class=\"col-sm-3 col-xs-6 fact\">\n<p class=\"number\">18<\/p>\n<p class=\"text\">Bobines de filament<\/p>\n<\/div>\n<div class=\"col-sm-3 col-xs-6 fact\">\n<p class=\"number\">168<\/p>\n<p class=\"text\">Tasses de th\u00e9<\/p>\n<\/div>\n<div class=\"col-sm-3 col-xs-6 fact\">\n<p class=\"number\">2016<\/p>\n<p class=\"text\">Cr\u00e9ation du studio<\/p>\n<\/div>\n<\/div>\n<\/div>\n<\/section>\n<\/div>\n<\/div>\n<\/div>\n<\/div>\n<\/section>\n","protected":false},"excerpt":{"rendered":"<p>A propos &#8230; CHEF DE PROJET J\u2019aime piloter la r\u00e9alisation de projets en composant avec les comp\u00e9tences et les savoir-faire de mon \u00e9quipe et de toutes les ressources \u00e0 disposition. DESIGNER PRODUIT J\u2019aime porter un projet de l\u2019id\u00e9e \u00e0 la production, du concept produit au prototypage. J\u2019ai une bonne connaissance des processus industriels li\u00e9s \u00e0 [&hellip;]<\/p>\n","protected":false},"author":1,"featured_media":0,"parent":0,"menu_order":0,"comment_status":"closed","ping_status":"closed","template":"fullwidth-page.php","meta":[],"_links":{"self":[{"href":"https:\/\/caron-design.com\/index.php\/wp-json\/wp\/v2\/pages\/697"}],"collection":[{"href":"https:\/\/caron-design.com\/index.php\/wp-json\/wp\/v2\/pages"}],"about":[{"href":"https:\/\/caron-design.com\/index.php\/wp-json\/wp\/v2\/types\/page"}],"author":[{"embeddable":true,"href":"https:\/\/caron-design.com\/index.php\/wp-json\/wp\/v2\/users\/1"}],"replies":[{"embeddable":true,"href":"https:\/\/caron-design.com\/index.php\/wp-json\/wp\/v2\/comments?post=697"}],"version-history":[{"count":14,"href":"https:\/\/caron-design.com\/index.php\/wp-json\/wp\/v2\/pages\/697\/revisions"}],"predecessor-version":[{"id":1256,"href":"https:\/\/caron-design.com\/index.php\/wp-json\/wp\/v2\/pages\/697\/revisions\/1256"}],"wp:attachment":[{"href":"https:\/\/caron-design.com\/index.php\/wp-json\/wp\/v2\/media?parent=697"}],"curies":[{"name":"wp","href":"https:\/\/api.w.org\/{rel}","templated":true}]}}