{"id":806,"date":"2021-01-15T17:12:47","date_gmt":"2021-01-15T16:12:47","guid":{"rendered":"http:\/\/cedriccaron.com\/?page_id=806"},"modified":"2021-01-21T10:09:03","modified_gmt":"2021-01-21T09:09:03","slug":"services","status":"publish","type":"page","link":"https:\/\/caron-design.com\/index.php\/services\/","title":{"rendered":"Services"},"content":{"rendered":"<p>[vc_row][vc_column]<!-- Services Accordion --><section id=\"questions\" class=\"services_accordion\"><div class=\"container\"><div class=\"row\"><div class=\"col-md-5 first_big_section\"><img src=\"https:\/\/caron-design.com\/wp-content\/uploads\/2016\/12\/services_accordion.jpg\" alt=\"\"><\/div><div class=\"col-md-6 col-md-offset-1 second_big_section\"><div class=\"panel-group\" id=\"accordion\" role=\"tablist\" aria-multiselectable=\"true\"><div class=\"panel panel-default\"><div class=\"panel-heading active\" role=\"tab\" id=\"heading1\"><h4 class=\"panel-title\"><a role=\"button\" data-toggle=\"collapse\" data-parent=\"#accordion\" href=\"#collapse1\" aria-expanded=\"true\" aria-controls=\"collapse1\">Une collaboration sans fausse note<\/a><\/h4><\/div><div id=\"collapse1\" class=\"panel-collapse collapse in\" role=\"tabpanel\" aria-labelledby=\"heading1\"><div class=\"panel-body\"><p>Je m'appuie sur le cahier des charges conceptuel et fonctionnel, complet et pr\u00e9cis de mes clients, pour leur proposer des r\u00e9alisations uniques et sur-mesure s'accordant parfaitement \u00e0 leur image de marque.<\/p><\/div><\/div><\/div><\/div><\/div><\/div><\/div><\/section>[\/vc_column][\/vc_row][vc_row el_id=&#8221;progress_steps&#8221; el_class=&#8221;progress_steps&#8221;][vc_column][vc_row_inner][vc_column_inner el_class=&#8221;step&#8221; width=&#8221;1\/4&#8243;][vc_custom_heading text=&#8221;idea&#8221; font_container=&#8221;tag:h4|text_align:center&#8221; use_theme_fonts=&#8221;yes&#8221;][vc_column_text]<\/p>\n<p style=\"text-align: center;\">Vous avez une id\u00e9e<\/p>\n<p>[\/vc_column_text][vc_custom_heading text=&#8221;01&#8243; font_container=&#8221;tag:p|text_align:center&#8221; use_theme_fonts=&#8221;yes&#8221; el_class=&#8221;number&#8221;][\/vc_column_inner][vc_column_inner el_class=&#8221;step&#8221; width=&#8221;1\/4&#8243;][vc_custom_heading text=&#8221;concept&#8221; font_container=&#8221;tag:h4|text_align:center&#8221; use_theme_fonts=&#8221;yes&#8221;][vc_column_text]<\/p>\n<p style=\"text-align: center;\">Nous cr\u00e9ons un concept<\/p>\n<p>[\/vc_column_text][vc_custom_heading text=&#8221;02&#8243; font_container=&#8221;tag:p|text_align:center&#8221; use_theme_fonts=&#8221;yes&#8221; el_class=&#8221;number&#8221;][\/vc_column_inner][vc_column_inner el_class=&#8221;step&#8221; width=&#8221;1\/4&#8243;][vc_custom_heading text=&#8221;3D&#8221; font_container=&#8221;tag:h4|text_align:center&#8221; use_theme_fonts=&#8221;yes&#8221;][vc_column_text]<\/p>\n<p style=\"text-align: center;\">Nous travaillons \u00e0 un produit<\/p>\n<p>[\/vc_column_text][vc_custom_heading text=&#8221;03&#8243; font_container=&#8221;tag:p|text_align:center&#8221; use_theme_fonts=&#8221;yes&#8221; el_class=&#8221;number&#8221;][\/vc_column_inner][vc_column_inner el_class=&#8221;step&#8221; width=&#8221;1\/4&#8243;][vc_custom_heading text=&#8221;Prototype&#8221; font_container=&#8221;tag:h4|text_align:center&#8221; use_theme_fonts=&#8221;yes&#8221;][vc_column_text]<\/p>\n<p style=\"text-align: center;\">Nous r\u00e9alisons VOTRE produit<\/p>\n<p>[\/vc_column_text][vc_custom_heading text=&#8221;04&#8243; font_container=&#8221;tag:p|text_align:center&#8221; use_theme_fonts=&#8221;yes&#8221; el_class=&#8221;number&#8221;][\/vc_column_inner][\/vc_row_inner][\/vc_column][\/vc_row][vc_row][vc_column]<!-- Services --><section id=\"services\" class=\"services\"><div class=\"container\"><div class=\"row row_services\"><div class=\"col-md-4 service\"><div class=\"icon\" ><i  class=\"icon-star\"><\/i><\/div><div class=\"text\"><h5 >Premier contact<\/h5><p >Echange sur vos objectifs, besoins et contraintes<\/p><\/div><\/div><div class=\"col-md-4 service\"><div class=\"icon\" ><i  class=\"icon-paper-clip\"><\/i><\/div><div class=\"text\"><h5 >Recherche & cr\u00e9ation<\/h5><p >Recherche de solutions innovantes et adapt\u00e9es \u00e0 votre projet<\/p><\/div><\/div><div class=\"col-md-4 service\"><div class=\"icon\" ><i  class=\"icon-paper-plane\"><\/i><\/div><div class=\"text\"><h5 >Ajustement & validation<\/h5><p >Etude et validation esth\u00e9tique de la proposition retenue<\/p><\/div><\/div><div class=\"col-md-4 service\"><div class=\"icon\" ><i  class=\"icon-rocket\"><\/i><\/div><div class=\"text\"><h5 >Mod\u00e9lisation 3D<\/h5><p >Cr\u00e9ation d'un produit en 3D, concr\u00e9tisation de votre projet<\/p><\/div><\/div><div class=\"col-md-4 service\"><div class=\"icon\" ><i  class=\"icon-layers\"><\/i><\/div><div class=\"text\"><h5 >Ajustement & validation<\/h5><p >Etude et validation technique de votre produit<\/p><\/div><\/div><div class=\"col-md-4 service\"><div class=\"icon\" ><i  class=\"icon-screen-tablet\"><\/i><\/div><div class=\"text\"><h5 >Rendus 3D<\/h5><p >Repr\u00e9sentation de votre produit en image de synth\u00e8se (couleur, texture, mat\u00e9riaux)<\/p><\/div><\/div><div class=\"col-md-4 service\"><div class=\"icon\" ><i  class=\"icon-diamond\"><\/i><\/div><div class=\"text\"><h5 >Animation 3D<\/h5><p >Animation studio de votre produit (360\u00b0, \u00e9clat\u00e9 de pi\u00e8ces, montage & d\u00e9montage, gamme produit)<\/p><\/div><\/div><div class=\"col-md-4 service\"><div class=\"icon\" ><i  class=\"icon-equalizer\"><\/i><\/div><div class=\"text\"><h5 >Prototypage<\/h5><p >R\u00e9alisation de votre produit en impression 3D (pla, pet-G, caoutchouc, bois)<\/p><\/div><\/div><div class=\"col-md-4 service\"><div class=\"icon\" ><i  class=\"icon-vector\"><\/i><\/div><div class=\"text\"><h5 >Export<\/h5><p >Mise en plan design, dxf, dwg pour la fabrication<\/p><\/div><\/div><\/div><\/div><\/section>[\/vc_column][\/vc_row][vc_row css=&#8221;.vc_custom_1481332062651{background-image: url(https:\/\/ninetheme.com\/themes\/foevis\/wp-content\/uploads\/2016\/12\/services_call_to_action.jpg?id=58) !important;background-position: center !important;background-repeat: no-repeat !important;background-size: cover !important;}&#8221;][vc_column][vc_raw_html]JTNDZGl2JTIwY2xhc3MlM0QlMjJvdmVybGF5JTIyJTIwc3R5bGUlM0QlMjJiYWNrZ3JvdW5kJTNBcmdiYSUyODAlMkMwJTJDMCUyQzAuNSUyOSUzQnBvc2l0aW9uJTNBYWJzb2x1dGUlM0J3aWR0aCUzQTEwMCUyNSUzQmhlaWdodCUzQTEwMCUyNSUzQnRvcCUzQTAlM0JsZWZ0JTNBMCUzQiUyMiUzRSUzQyUyRmRpdiUzRQ==[\/vc_raw_html][\/vc_column][\/vc_row]<\/p>\n","protected":false},"excerpt":{"rendered":"<p>[vc_row][vc_column][\/vc_column][\/vc_row][vc_row el_id=&#8221;progress_steps&#8221; el_class=&#8221;progress_steps&#8221;][vc_column][vc_row_inner][vc_column_inner el_class=&#8221;step&#8221; width=&#8221;1\/4&#8243;][vc_custom_heading text=&#8221;idea&#8221; font_container=&#8221;tag:h4|text_align:center&#8221; use_theme_fonts=&#8221;yes&#8221;][vc_column_text] Vous avez une id\u00e9e [\/vc_column_text][vc_custom_heading text=&#8221;01&#8243; font_container=&#8221;tag:p|text_align:center&#8221; use_theme_fonts=&#8221;yes&#8221; el_class=&#8221;number&#8221;][\/vc_column_inner][vc_column_inner el_class=&#8221;step&#8221; width=&#8221;1\/4&#8243;][vc_custom_heading text=&#8221;concept&#8221; font_container=&#8221;tag:h4|text_align:center&#8221; use_theme_fonts=&#8221;yes&#8221;][vc_column_text] Nous cr\u00e9ons un concept [\/vc_column_text][vc_custom_heading text=&#8221;02&#8243; font_container=&#8221;tag:p|text_align:center&#8221; use_theme_fonts=&#8221;yes&#8221; el_class=&#8221;number&#8221;][\/vc_column_inner][vc_column_inner el_class=&#8221;step&#8221; width=&#8221;1\/4&#8243;][vc_custom_heading text=&#8221;3D&#8221; font_container=&#8221;tag:h4|text_align:center&#8221; use_theme_fonts=&#8221;yes&#8221;][vc_column_text] Nous travaillons \u00e0 un produit [\/vc_column_text][vc_custom_heading text=&#8221;03&#8243; font_container=&#8221;tag:p|text_align:center&#8221; use_theme_fonts=&#8221;yes&#8221; el_class=&#8221;number&#8221;][\/vc_column_inner][vc_column_inner el_class=&#8221;step&#8221; width=&#8221;1\/4&#8243;][vc_custom_heading text=&#8221;Prototype&#8221; font_container=&#8221;tag:h4|text_align:center&#8221; use_theme_fonts=&#8221;yes&#8221;][vc_column_text] Nous r\u00e9alisons VOTRE produit [&hellip;]<\/p>\n","protected":false},"author":1,"featured_media":0,"parent":0,"menu_order":0,"comment_status":"closed","ping_status":"closed","template":"fullwidth-page.php","meta":[],"_links":{"self":[{"href":"https:\/\/caron-design.com\/index.php\/wp-json\/wp\/v2\/pages\/806"}],"collection":[{"href":"https:\/\/caron-design.com\/index.php\/wp-json\/wp\/v2\/pages"}],"about":[{"href":"https:\/\/caron-design.com\/index.php\/wp-json\/wp\/v2\/types\/page"}],"author":[{"embeddable":true,"href":"https:\/\/caron-design.com\/index.php\/wp-json\/wp\/v2\/users\/1"}],"replies":[{"embeddable":true,"href":"https:\/\/caron-design.com\/index.php\/wp-json\/wp\/v2\/comments?post=806"}],"version-history":[{"count":10,"href":"https:\/\/caron-design.com\/index.php\/wp-json\/wp\/v2\/pages\/806\/revisions"}],"predecessor-version":[{"id":1187,"href":"https:\/\/caron-design.com\/index.php\/wp-json\/wp\/v2\/pages\/806\/revisions\/1187"}],"wp:attachment":[{"href":"https:\/\/caron-design.com\/index.php\/wp-json\/wp\/v2\/media?parent=806"}],"curies":[{"name":"wp","href":"https:\/\/api.w.org\/{rel}","templated":true}]}}